{"id":27,"date":"2013-04-13T12:34:36","date_gmt":"2013-04-13T10:34:36","guid":{"rendered":"http:\/\/127.0.0.1\/boehmerwald\/cz\/?page_id=2"},"modified":"2021-08-20T17:28:07","modified_gmt":"2021-08-20T15:28:07","slug":"sumavske-muzeum-dnes","status":"publish","type":"page","link":"https:\/\/www.boehmerwaldmuseum.at\/cz\/sumavske-muzeum-dnes\/","title":{"rendered":"Muzeum"},"content":{"rendered":"\n<div class=\"wp-block-columns\">\n<div class=\"wp-block-column\" style=\"flex-basis:20%\">\n<div class=\"wp-block-image is-style-default\"><figure class=\"alignleft\"><img src=\"http:\/\/www.boehmerwaldmuseum.at\/wp-content\/uploads\/2013\/07\/museum_2.jpg\" alt=\"museum_2\" class=\"wp-image-16\"\/><\/figure><\/div>\n<\/div>\n\n\n\n<div class=\"wp-block-column\" style=\"flex-basis:66.66%\">\n<p> \u0160umavsk\u00e9 muzeum je zn\u00e1m\u00e9 p\u0159es hranice V\u00eddn\u011b i Rakouska. Je zdrojem informac\u00ed pro domovsk\u00e9 kroniky, obrazy, texty p\u00edsn\u00ed, noty, mapy, modlitebn\u00ed kn\u00ed\u017eky, kroje, sklo, n\u00e1dob\u00ed a pro mnoh\u00e9 p\u0159edm\u011bty selsk\u00e9ho v\u0161edn\u00edho dne. V mal\u00e9m r\u00e1mci jsou nejen mnoh\u00e9 expon\u00e1ty l\u00e1skypln\u011b prezentov\u00e1ny, ale tak\u00e9 zcela inventarizovan\u00e1 knihovna je k dispozici. Digitalizovan\u00e1 sb\u00edrka fotografi\u00ed obsahuje v\u00edce ne\u017e 10.000 historick\u00fdch sn\u00edmk\u016f. Pravideln\u00e9 v\u00fdstavy, individu\u00e1ln\u00ed pomoc v ot\u00e1zk\u00e1ch genealogie, pravideln\u00e9, dle pot\u0159eby tak\u00e9 flexibiln\u00ed otv\u00edrac\u00ed doby, uzav\u00edraj\u00ed na\u0161i nab\u00eddku n\u00e1v\u0161t\u011bvn\u00edk\u016fm. \u0160irok\u00e9mu publiku je \u0160umavsk\u00e9 muzeum zn\u00e1mo zve\u0159ej\u0148ov\u00e1n\u00edm materi\u00e1lu na DVD, v\u00fdd\u00e1v\u00e1n\u00edm zn\u00e1mek a svou prezentac\u00ed v ciz\u00edch jazyc\u00edch na internetu. <\/p>\n<\/div>\n<\/div>\n\n\n\n<div class=\"wp-block-columns\">\n<div class=\"wp-block-column\" style=\"flex-basis:20%\">\n<div class=\"wp-block-image is-style-default\"><figure class=\"alignleft\"><img src=\"http:\/\/www.boehmerwaldmuseum.at\/wp-content\/uploads\/2013\/07\/museum_1.jpg\" alt=\"museum_1\" class=\"wp-image-15\"\/><\/figure><\/div>\n<\/div>\n\n\n\n<div class=\"wp-block-column\" style=\"flex-basis:66.66%\">\n<p>V Evrop\u011b bez hranic m\u00e1 sr\u016fstat co nelidsk\u00e9 re\u017eimy des\u00edtky let v\u011bdom\u011b rozd\u011blovaly. Region\u00e1ln\u00ed kooperac\u00ed s kulturn\u00edmi institucemi, muzei a m\u011bsty doma i v cizin\u011b, u\u017e n\u011bkolik let tak\u00e9 v \u010cesk\u00e9 republice, chce V\u00edde\u0148sk\u00e9 \u0161umavsk\u00e9 muzeum p\u0159isp\u011bt v budoucnosti k pozitivn\u00edmu v\u00fdvoji v Evrop\u011b. <\/p>\n<\/div>\n<\/div>\n\n\n\n<div class=\"wp-block-image\"><figure class=\"alignleft\"><a href=\"http:\/\/www.boehmerwaldmuseum.at\/museum-2\/\"><img loading=\"lazy\" width=\"24\" height=\"14\" src=\"http:\/\/www.boehmerwaldmuseum.at\/cz\/wp-content\/uploads\/sites\/3\/2013\/04\/de_o.jpg\" alt=\"de_o\" class=\"wp-image-111\"\/><\/a><\/figure><\/div>\n\n\n\n<div class=\"wp-block-image\"><figure class=\"alignleft\"><a href=\"http:\/\/www.boehmerwaldmuseum.at\/en\/welcome\/\"><img loading=\"lazy\" width=\"24\" height=\"14\" src=\"http:\/\/www.boehmerwaldmuseum.at\/cz\/wp-content\/uploads\/sites\/3\/2013\/04\/en_o.jpg\" alt=\"en_o\" class=\"wp-image-112\"\/><\/a><\/figure><\/div>\n\n\n\n<div class=\"wp-block-image\"><figure class=\"alignleft\"><a href=\"http:\/\/www.boehmerwaldmuseum.at\/cz\/wp-content\/uploads\/sites\/3\/2013\/04\/cz.jpg\"><img loading=\"lazy\" width=\"24\" height=\"14\" src=\"http:\/\/www.boehmerwaldmuseum.at\/cz\/wp-content\/uploads\/sites\/3\/2013\/04\/cz.jpg\" alt=\"cz\" class=\"wp-image-110\"\/><\/a><\/figure><\/div>\n\n\n\n<p><\/p>\n","protected":false},"excerpt":{"rendered":"<p>\u0160umavsk\u00e9 muzeum je zn\u00e1m\u00e9 p\u0159es hranice V\u00eddn\u011b i Rakouska. Je zdrojem informac\u00ed pro domovsk\u00e9 kroniky, obrazy, texty p\u00edsn\u00ed, noty, mapy, modlitebn\u00ed kn\u00ed\u017eky, kroje, sklo, n\u00e1dob\u00ed a pro mnoh\u00e9 p\u0159edm\u011bty selsk\u00e9ho&hellip;<\/p>\n","protected":false},"author":1,"featured_media":209,"parent":0,"menu_order":1,"comment_status":"closed","ping_status":"closed","template":"","meta":[],"_links":{"self":[{"href":"https:\/\/www.boehmerwaldmuseum.at\/cz\/wp-json\/wp\/v2\/pages\/27"}],"collection":[{"href":"https:\/\/www.boehmerwaldmuseum.at\/cz\/wp-json\/wp\/v2\/pages"}],"about":[{"href":"https:\/\/www.boehmerwaldmuseum.at\/cz\/wp-json\/wp\/v2\/types\/page"}],"author":[{"embeddable":true,"href":"https:\/\/www.boehmerwaldmuseum.at\/cz\/wp-json\/wp\/v2\/users\/1"}],"replies":[{"embeddable":true,"href":"https:\/\/www.boehmerwaldmuseum.at\/cz\/wp-json\/wp\/v2\/comments?post=27"}],"version-history":[{"count":10,"href":"https:\/\/www.boehmerwaldmuseum.at\/cz\/wp-json\/wp\/v2\/pages\/27\/revisions"}],"predecessor-version":[{"id":283,"href":"https:\/\/www.boehmerwaldmuseum.at\/cz\/wp-json\/wp\/v2\/pages\/27\/revisions\/283"}],"wp:featuredmedia":[{"embeddable":true,"href":"https:\/\/www.boehmerwaldmuseum.at\/cz\/wp-json\/wp\/v2\/media\/209"}],"wp:attachment":[{"href":"https:\/\/www.boehmerwaldmuseum.at\/cz\/wp-json\/wp\/v2\/media?parent=27"}],"curies":[{"name":"wp","href":"https:\/\/api.w.org\/{rel}","templated":true}]}}