{"id":39,"date":"2013-04-13T15:58:31","date_gmt":"2013-04-13T13:58:31","guid":{"rendered":"http:\/\/127.0.0.1\/boehmerwald\/cz\/?page_id=39"},"modified":"2021-08-03T09:40:24","modified_gmt":"2021-08-03T07:40:24","slug":"informace","status":"publish","type":"page","link":"https:\/\/www.boehmerwaldmuseum.at\/cz\/informace\/","title":{"rendered":"Informace"},"content":{"rendered":"\n<div class=\"wp-block-columns\">\n<div class=\"wp-block-column\" style=\"flex-basis:20%\">\n<div class=\"wp-block-image is-style-default\"><figure class=\"alignleft\"><img src=\"http:\/\/www.boehmerwaldmuseum.at\/wp-content\/uploads\/2013\/07\/info_1.jpg\" alt=\"info_1\" class=\"wp-image-13\"\/><\/figure><\/div>\n<\/div>\n\n\n\n<div class=\"wp-block-column\" style=\"flex-basis:66.66%\">\n<p>P\u0159ejeme V\u00e1m hezkou n\u00e1v\u0161t\u011bvu na\u0161eho muzea:<\/p>\n\n\n\n<p>ADRESA:<br>Ungargasse 3\/2\/10, A-1030 V\u00edde\u0148 (Wien)<br>dostanete se k n\u00e1m z n\u00e1dra\u017e\u00ed Wien Mitte, S-Bahnem,<br>metrem U3, U4, tramvaj\u00ed O<\/p>\n\n\n\n<p>OTV\u00cdRAC\u00cd DOBA:<br>Otv\u00edrac\u00ed doba ka\u017edou ned\u011bli od 9.00 do 12.00<br>nebo dle telefonick\u00e9 domluvy<br>Dr. Gernot Peter +43 (0)664 8888 2824<br>email: boehmerwaldmuseum(at)aon.at<\/p>\n\n\n\n<p>Cestovn\u00ed skupiny jsou v\u00edt\u00e1ny!<\/p>\n\n\n\n<p>Vstup zdarma \u2013 dobrovoln\u00e9 finan\u010dn\u00ed podpory r\u00e1di p\u0159ijmeme<\/p>\n\n\n\n<p>Publikace Ka\u017ed\u00fdch \u0161est m\u011bs\u00edcu pisemne informace v\u0161em p\u0159\u00e1tel\u016fm \u010dlen\u016fm a sponzor\u016fm \u0160umavsk\u00e9ho muzea.<\/p>\n<\/div>\n<\/div>\n\n\n\n<div class=\"wp-block-image\"><figure class=\"alignleft\"><a href=\"http:\/\/www.boehmerwaldmuseum.at\/information\/\"><img loading=\"lazy\" width=\"24\" height=\"14\" src=\"http:\/\/www.boehmerwaldmuseum.at\/cz\/wp-content\/uploads\/sites\/3\/2013\/04\/de_o.jpg\" alt=\"de_o\" class=\"wp-image-111\"\/><\/a><\/figure><\/div>\n\n\n\n<div class=\"wp-block-image\"><figure class=\"alignleft\"><a href=\"http:\/\/www.boehmerwaldmuseum.at\/en\/information\/\"><img loading=\"lazy\" width=\"24\" height=\"14\" src=\"http:\/\/www.boehmerwaldmuseum.at\/cz\/wp-content\/uploads\/sites\/3\/2013\/04\/en_o.jpg\" alt=\"en_o\" class=\"wp-image-112\"\/><\/a><\/figure><\/div>\n\n\n\n<div class=\"wp-block-image\"><figure class=\"alignleft\"><a href=\"http:\/\/www.boehmerwaldmuseum.at\/cz\/wp-content\/uploads\/sites\/3\/2013\/04\/cz.jpg\"><img loading=\"lazy\" width=\"24\" height=\"14\" src=\"http:\/\/www.boehmerwaldmuseum.at\/cz\/wp-content\/uploads\/sites\/3\/2013\/04\/cz.jpg\" alt=\"cz\" class=\"wp-image-110\"\/><\/a><\/figure><\/div>\n\n\n\n<p><\/p>\n","protected":false},"excerpt":{"rendered":"<p>P\u0159ejeme V\u00e1m hezkou n\u00e1v\u0161t\u011bvu na\u0161eho muzea: ADRESA:Ungargasse 3\/2\/10, A-1030 V\u00edde\u0148 (Wien)dostanete se k n\u00e1m z n\u00e1dra\u017e\u00ed Wien Mitte, S-Bahnem,metrem U3, U4, tramvaj\u00ed O OTV\u00cdRAC\u00cd DOBA:Otv\u00edrac\u00ed doba ka\u017edou ned\u011bli od 9.00&hellip;<\/p>\n","protected":false},"author":1,"featured_media":209,"parent":0,"menu_order":2,"comment_status":"closed","ping_status":"closed","template":"onecolumn-page.php","meta":[],"_links":{"self":[{"href":"https:\/\/www.boehmerwaldmuseum.at\/cz\/wp-json\/wp\/v2\/pages\/39"}],"collection":[{"href":"https:\/\/www.boehmerwaldmuseum.at\/cz\/wp-json\/wp\/v2\/pages"}],"about":[{"href":"https:\/\/www.boehmerwaldmuseum.at\/cz\/wp-json\/wp\/v2\/types\/page"}],"author":[{"embeddable":true,"href":"https:\/\/www.boehmerwaldmuseum.at\/cz\/wp-json\/wp\/v2\/users\/1"}],"replies":[{"embeddable":true,"href":"https:\/\/www.boehmerwaldmuseum.at\/cz\/wp-json\/wp\/v2\/comments?post=39"}],"version-history":[{"count":9,"href":"https:\/\/www.boehmerwaldmuseum.at\/cz\/wp-json\/wp\/v2\/pages\/39\/revisions"}],"predecessor-version":[{"id":247,"href":"https:\/\/www.boehmerwaldmuseum.at\/cz\/wp-json\/wp\/v2\/pages\/39\/revisions\/247"}],"wp:featuredmedia":[{"embeddable":true,"href":"https:\/\/www.boehmerwaldmuseum.at\/cz\/wp-json\/wp\/v2\/media\/209"}],"wp:attachment":[{"href":"https:\/\/www.boehmerwaldmuseum.at\/cz\/wp-json\/wp\/v2\/media?parent=39"}],"curies":[{"name":"wp","href":"https:\/\/api.w.org\/{rel}","templated":true}]}}