{"id":45,"date":"2013-04-13T16:01:31","date_gmt":"2013-04-13T14:01:31","guid":{"rendered":"http:\/\/127.0.0.1\/boehmerwald\/cz\/?page_id=45"},"modified":"2021-08-03T09:42:08","modified_gmt":"2021-08-03T07:42:08","slug":"kontakt","status":"publish","type":"page","link":"https:\/\/www.boehmerwaldmuseum.at\/cz\/kontakt\/","title":{"rendered":"Kontakt"},"content":{"rendered":"\n<p>\u0160UMAVSK\u00c9 MUZEUM VE V\u00cdDNI a Kru\u0161nohorsk\u00e1 jizba<\/p>\n\n\n\n<div class=\"wp-block-columns\">\n<div class=\"wp-block-column\" style=\"flex-basis:20%\">\n<div class=\"wp-block-image is-style-default\"><figure class=\"alignleft\"><img src=\"http:\/\/www.boehmerwaldmuseum.at\/wp-content\/uploads\/2013\/07\/kontakt.jpg\" alt=\"kontakt\" class=\"wp-image-14\"\/><\/figure><\/div>\n<\/div>\n\n\n\n<div class=\"wp-block-column\" style=\"flex-basis:66.66%\">\n<p>Registrovan\u00fd spolek<br>Zalo\u017een 1952<\/p>\n\n\n\n<p>Ungargasse 3\/2\/10, A-1030 V\u00edde\u0148 (Wien)<br>T: +43 (0)664 8888 2824<br>e-mail: boehmerwaldmuseum(at)aon.at<\/p>\n\n\n\n<p>P\u0159edseda spolku<br>Dr. Gernot Peter, Beethovenstra\u00dfe 19, A-3500 Krems, Rakousko<\/p>\n\n\n\n<p>STA\u0147TE SE SPONZOREM \u0160UMAVSK\u00c9HO MUZEA!<\/p>\n\n\n\n<p>Vstupn\u00e9 je zdarma, ale p\u0159\u00edsp\u011bvky pro na\u0161e muzeum jsou v\u00edt\u00e1ny.<\/p>\n\n\n\n<p>M\u016f\u017eete se st\u00e1t tak\u00e9 \u010dlenem na\u0161eho spolku, hled\u00e1me nov\u00e9 \u010dleny a sponzory.<br>Ro\u010dn\u00ed p\u0159\u00edsp\u011bvek: \u20ac 25,&#8211;<\/p>\n<\/div>\n<\/div>\n\n\n\n<div class=\"wp-block-image\"><figure class=\"alignleft\"><a href=\"http:\/\/www.boehmerwaldmuseum.at\/kontakt\/\"><img loading=\"lazy\" width=\"24\" height=\"14\" src=\"http:\/\/www.boehmerwaldmuseum.at\/cz\/wp-content\/uploads\/sites\/3\/2013\/04\/de_o.jpg\" alt=\"de_o\" class=\"wp-image-111\"\/><\/a><\/figure><\/div>\n\n\n\n<div class=\"wp-block-image\"><figure class=\"alignleft\"><a href=\"http:\/\/www.boehmerwaldmuseum.at\/en\/contacts\/\"><img loading=\"lazy\" width=\"24\" height=\"14\" src=\"http:\/\/www.boehmerwaldmuseum.at\/cz\/wp-content\/uploads\/sites\/3\/2013\/04\/en_o.jpg\" alt=\"en_o\" class=\"wp-image-112\"\/><\/a><\/figure><\/div>\n\n\n\n<div class=\"wp-block-image\"><figure class=\"alignleft\"><a href=\"http:\/\/www.boehmerwaldmuseum.at\/cz\/wp-content\/uploads\/sites\/3\/2013\/04\/cz.jpg\"><img loading=\"lazy\" width=\"24\" height=\"14\" src=\"http:\/\/www.boehmerwaldmuseum.at\/cz\/wp-content\/uploads\/sites\/3\/2013\/04\/cz.jpg\" alt=\"cz\" class=\"wp-image-110\"\/><\/a><\/figure><\/div>\n\n\n\n<p><\/p>\n","protected":false},"excerpt":{"rendered":"<p>\u0160UMAVSK\u00c9 MUZEUM VE V\u00cdDNI a Kru\u0161nohorsk\u00e1 jizba Registrovan\u00fd spolekZalo\u017een 1952 Ungargasse 3\/2\/10, A-1030 V\u00edde\u0148 (Wien)T: +43 (0)664 8888 2824e-mail: boehmerwaldmuseum(at)aon.at P\u0159edseda spolkuDr. Gernot Peter, Beethovenstra\u00dfe 19, A-3500 Krems, Rakousko STA\u0147TE&hellip;<\/p>\n","protected":false},"author":1,"featured_media":209,"parent":0,"menu_order":3,"comment_status":"closed","ping_status":"closed","template":"onecolumn-page.php","meta":[],"_links":{"self":[{"href":"https:\/\/www.boehmerwaldmuseum.at\/cz\/wp-json\/wp\/v2\/pages\/45"}],"collection":[{"href":"https:\/\/www.boehmerwaldmuseum.at\/cz\/wp-json\/wp\/v2\/pages"}],"about":[{"href":"https:\/\/www.boehmerwaldmuseum.at\/cz\/wp-json\/wp\/v2\/types\/page"}],"author":[{"embeddable":true,"href":"https:\/\/www.boehmerwaldmuseum.at\/cz\/wp-json\/wp\/v2\/users\/1"}],"replies":[{"embeddable":true,"href":"https:\/\/www.boehmerwaldmuseum.at\/cz\/wp-json\/wp\/v2\/comments?post=45"}],"version-history":[{"count":16,"href":"https:\/\/www.boehmerwaldmuseum.at\/cz\/wp-json\/wp\/v2\/pages\/45\/revisions"}],"predecessor-version":[{"id":250,"href":"https:\/\/www.boehmerwaldmuseum.at\/cz\/wp-json\/wp\/v2\/pages\/45\/revisions\/250"}],"wp:featuredmedia":[{"embeddable":true,"href":"https:\/\/www.boehmerwaldmuseum.at\/cz\/wp-json\/wp\/v2\/media\/209"}],"wp:attachment":[{"href":"https:\/\/www.boehmerwaldmuseum.at\/cz\/wp-json\/wp\/v2\/media?parent=45"}],"curies":[{"name":"wp","href":"https:\/\/api.w.org\/{rel}","templated":true}]}}