{"id":58,"date":"2013-04-13T16:08:14","date_gmt":"2013-04-13T14:08:14","guid":{"rendered":"http:\/\/127.0.0.1\/boehmerwald\/cz\/?page_id=58"},"modified":"2021-08-03T09:29:44","modified_gmt":"2021-08-03T07:29:44","slug":"sumava","status":"publish","type":"page","link":"https:\/\/www.boehmerwaldmuseum.at\/cz\/sumavske-muzeum-dnes\/sumava\/","title":{"rendered":"\u0160umava"},"content":{"rendered":"\n<div class=\"wp-block-columns\">\n<div class=\"wp-block-column\" style=\"flex-basis:20%\">\n<div class=\"wp-block-image is-style-default\"><figure class=\"alignleft\"><img src=\"http:\/\/www.boehmerwaldmuseum.at\/wp-content\/uploads\/2013\/07\/museum_bw_2.jpg\" alt=\"museum_bw_2\" class=\"wp-image-18\"\/><\/figure><\/div>\n<\/div>\n\n\n\n<div class=\"wp-block-column\" style=\"flex-basis:66.66%\">\n<p> Sto dvacet kilometr\u016f dlouh\u00e9 pohrani\u010dn\u00ed p\u00e1smo mezi Rakouskem, \u010cechy a Bavorskem se naz\u00fdv\u00e1 \u201eB\u00f6hmerwald\u201d, \u201e\u0160umava\u201d a \u201eBavorsk\u00fd les\u201d. Ve st\u0159edov\u011bku vedly obchodn\u00ed cesty skoro nepr\u016fchodn\u00fdm pralesem a spojovaly \u201eSolnou komoru (Salzkammergut)\u201d s na s\u016fl ch\u016fd\u00fdmi \u010cechy. Podporov\u00e1ni kl\u00e1\u0161tery a na pozv\u00e1n\u00ed \u0161lechtou p\u0159i\u0161li prvn\u00ed osadn\u00edci z Bavorska na \u010desk\u00e9 \u00fazem\u00ed. K ob\u017eiv\u011b jim slou\u017eil d\u0159evopr\u016fmysl, m\u00e1lo v\u00fdnosn\u00e9 zem\u011bd\u011blstv\u00ed a v\u00fdroba skla. \u010cetn\u00e9 hrady a z\u00e1mky dnes dokazuj\u00ed \u010dilou obchodn\u00ed \u010dinnost, ale mluv\u00ed tak\u00e9 o v\u00e1le\u010dn\u00e9m st\u0159etnut\u00ed mezi kr\u00e1lem a \u0161lechtou, kter\u00e9 ve t\u0159icetilet\u00e9 v\u00e1lce dos\u00e1hlo sv\u00e9ho vrcholu.  <\/p>\n<\/div>\n<\/div>\n\n\n\n<div class=\"wp-block-columns\">\n<div class=\"wp-block-column\" style=\"flex-basis:20%\">\n<div class=\"wp-block-image is-style-default\"><figure class=\"alignleft\"><img src=\"http:\/\/www.boehmerwaldmuseum.at\/wp-content\/uploads\/2013\/07\/museum_bw_1.jpg\" alt=\"museum_bw_1\" class=\"wp-image-4\"\/><\/figure><\/div>\n<\/div>\n\n\n\n<div class=\"wp-block-column\" style=\"flex-basis:66.66%\">\n<p> Navzdory v\u00fd\u0161kov\u00e9 poloze a nehostin\u00e9mu podneb\u00ed dos\u00e1hlo obydlen\u00ed hor v\u00fd\u0161ky 1000 metr\u016f. Po rozs\u00e1hl\u00e9m vylid-n\u011bn\u00ed \u010desk\u00e9 \u010d\u00e1sti \u0160umavy v letech 1945\/46 byly velk\u00e9 oblasti skoro kompletn\u011b od okoln\u00edho sv\u011bta odlou\u010den\u00e9 a staly se vojensk\u00fdm uzav\u0159en\u00fdm p\u00e1smem. Mnoho vesnic zcela zmizelo z map, jedine\u010dn\u00e1 p\u0159\u00edroda v\u0161ak z\u016fstala zachov\u00e1na a dnes je hr\u00e1n\u011bna v hranice p\u0159esahuj\u00edc\u00edch N\u00e1rodn\u00edch parc\u00edch. Tento v\u00fdvoj podporuje tak\u00e9 vznik nov\u00e9ho turismu pod spole\u010dnou \u201eZelenou st\u0159echou Evropy\u201d. <\/p>\n<\/div>\n<\/div>\n\n\n\n<div class=\"wp-block-image\"><figure class=\"alignleft\"><a href=\"http:\/\/www.boehmerwaldmuseum.at\/museum-2\/bohmerwald\/\"><img loading=\"lazy\" width=\"24\" height=\"14\" src=\"http:\/\/www.boehmerwaldmuseum.at\/cz\/wp-content\/uploads\/sites\/3\/2013\/04\/de_o.jpg\" alt=\"de_o\" class=\"wp-image-111\"\/><\/a><\/figure><\/div>\n\n\n\n<div class=\"wp-block-image\"><figure class=\"alignleft\"><a href=\"http:\/\/www.boehmerwaldmuseum.at\/en\/welcome\/bohemian-forest\/\"><img loading=\"lazy\" width=\"24\" height=\"14\" src=\"http:\/\/www.boehmerwaldmuseum.at\/cz\/wp-content\/uploads\/sites\/3\/2013\/04\/en_o.jpg\" alt=\"en_o\" class=\"wp-image-112\"\/><\/a><\/figure><\/div>\n\n\n\n<div class=\"wp-block-image\"><figure class=\"alignleft\"><a href=\"http:\/\/www.boehmerwaldmuseum.at\/cz\/wp-content\/uploads\/sites\/3\/2013\/04\/cz.jpg\"><img loading=\"lazy\" width=\"24\" height=\"14\" src=\"http:\/\/www.boehmerwaldmuseum.at\/cz\/wp-content\/uploads\/sites\/3\/2013\/04\/cz.jpg\" alt=\"cz\" class=\"wp-image-110\"\/><\/a><\/figure><\/div>\n\n\n\n<p><\/p>\n","protected":false},"excerpt":{"rendered":"<p>Sto dvacet kilometr\u016f dlouh\u00e9 pohrani\u010dn\u00ed p\u00e1smo mezi Rakouskem, \u010cechy a Bavorskem se naz\u00fdv\u00e1 \u201eB\u00f6hmerwald\u201d, \u201e\u0160umava\u201d a \u201eBavorsk\u00fd les\u201d. Ve st\u0159edov\u011bku vedly obchodn\u00ed cesty skoro nepr\u016fchodn\u00fdm pralesem a spojovaly \u201eSolnou komoru&hellip;<\/p>\n","protected":false},"author":1,"featured_media":209,"parent":27,"menu_order":1,"comment_status":"closed","ping_status":"closed","template":"onecolumn-page.php","meta":[],"_links":{"self":[{"href":"https:\/\/www.boehmerwaldmuseum.at\/cz\/wp-json\/wp\/v2\/pages\/58"}],"collection":[{"href":"https:\/\/www.boehmerwaldmuseum.at\/cz\/wp-json\/wp\/v2\/pages"}],"about":[{"href":"https:\/\/www.boehmerwaldmuseum.at\/cz\/wp-json\/wp\/v2\/types\/page"}],"author":[{"embeddable":true,"href":"https:\/\/www.boehmerwaldmuseum.at\/cz\/wp-json\/wp\/v2\/users\/1"}],"replies":[{"embeddable":true,"href":"https:\/\/www.boehmerwaldmuseum.at\/cz\/wp-json\/wp\/v2\/comments?post=58"}],"version-history":[{"count":6,"href":"https:\/\/www.boehmerwaldmuseum.at\/cz\/wp-json\/wp\/v2\/pages\/58\/revisions"}],"predecessor-version":[{"id":242,"href":"https:\/\/www.boehmerwaldmuseum.at\/cz\/wp-json\/wp\/v2\/pages\/58\/revisions\/242"}],"up":[{"embeddable":true,"href":"https:\/\/www.boehmerwaldmuseum.at\/cz\/wp-json\/wp\/v2\/pages\/27"}],"wp:featuredmedia":[{"embeddable":true,"href":"https:\/\/www.boehmerwaldmuseum.at\/cz\/wp-json\/wp\/v2\/media\/209"}],"wp:attachment":[{"href":"https:\/\/www.boehmerwaldmuseum.at\/cz\/wp-json\/wp\/v2\/media?parent=58"}],"curies":[{"name":"wp","href":"https:\/\/api.w.org\/{rel}","templated":true}]}}