{"id":37,"date":"2013-04-13T15:22:31","date_gmt":"2013-04-13T13:22:31","guid":{"rendered":"http:\/\/127.0.0.1\/boehmerwald\/en\/?page_id=37"},"modified":"2022-02-10T17:05:24","modified_gmt":"2022-02-10T15:05:24","slug":"imprint","status":"publish","type":"page","link":"https:\/\/www.boehmerwaldmuseum.at\/en\/imprint\/","title":{"rendered":"Data Privacy Statement and Imprint"},"content":{"rendered":"\n<p><strong>Datenschutzerkl\u00e4rung<\/strong><\/p>\n\n\n\n<p><strong>Datenschutz<\/strong><\/p>\n\n\n\n<p>Wir haben diese Datenschutzerkl\u00e4rung (Fassung 05.06.2018-221062270) verfasst, um Ihnen gem\u00e4\u00df der Vorgaben der EU-Datenschutz-Grundverordnung zu erkl\u00e4ren, welche Informationen wir sammeln, wie wir Daten verwenden und welche Entscheidungsm\u00f6glichkeiten Sie als Besucher dieser Webseite haben.<\/p>\n\n\n\n<p>Leider liegt es in der Natur der Sache, dass diese Erkl\u00e4rungen sehr technisch klingen, wir haben uns bei der Erstellung jedoch bem\u00fcht die wichtigsten Dinge so einfach und klar zu beschreiben.<\/p>\n\n\n\n<p><strong>Automatische Datenspeicherung<\/strong><\/p>\n\n\n\n<p>Wenn Sie heutzutage Webseiten besuchen, werden gewisse Informationen automatisch erstellt und gespeichert, so auch auf dieser Webseite.<\/p>\n\n\n\n<p>Wenn Sie unsere Webseite so wie jetzt gerade besuchen, speichert unser Webserver (Computer auf dem diese Webseite gespeichert ist) automatisch Daten wie<\/p>\n\n\n\n<ul><li>die Adresse (URL) der aufgerufenen Webseite<\/li><li>Browser und Browserversion<\/li><li>das verwendete Betriebssystem<\/li><li>die Adresse (URL) der zuvor besuchten Seite (Referrer URL)<\/li><li>den Hostname und die IP-Adresse des Ger\u00e4ts von welchem aus zugegriffen wird<\/li><li>Datum und Uhrzeit<\/li><\/ul>\n\n\n\n<p>In der Regel werden Webserver-Logfiles zwei Wochen gespeichert und danach automatisch gel\u00f6scht. Wir geben diese Daten nicht weiter, k\u00f6nnen jedoch nicht ausschlie\u00dfen, dass diese Daten beim Vorliegen von rechtswidrigem Verhalten eingesehen werden.<\/p>\n\n\n\n<p><strong>Rechte laut Datenschutzgrundverordnung<\/strong><\/p>\n\n\n\n<p>Ihnen stehen laut den Bestimmungen der DSGVO und des \u00f6sterreichischen Datenschutzgesetzes (DSG) grunds\u00e4tzlich die folgende Rechte zu:<\/p>\n\n\n\n<ul><li>Recht auf Berichtung (Artikel 16 DSGVO)<\/li><li>Recht auf L\u00f6schung (\u201eRecht auf Vergessenwerden\u201c) (Artikel 17 DSGVO)<\/li><li>Recht auf Einschr\u00e4nkung der Verarbeitung (Artikel 18 DSGVO)<\/li><li>Recht auf Benachrichtigung \u2013 Mitteilungspflicht im Zusammenhang mit der Berichtigung oder L\u00f6schung personenbezogener Daten oder der Einschr\u00e4nkung der Verarbeitung (Artikel 19 DSGVO)<\/li><li>Recht auf Daten\u00fcbertragbarkeit (Artikel 20 DSGVO)<\/li><li>Widerspruchsrecht (Artikel 21 DSGVO)<\/li><li>Recht, nicht einer ausschlie\u00dflich auf einer automatisierten Verarbeitung \u2014 einschlie\u00dflich Profiling \u2014 beruhenden Entscheidung unterworfen zu werden (Artikel 22 DSGVO)<\/li><\/ul>\n\n\n\n<p>Wenn Sie glauben, dass die Verarbeitung Ihrer Daten gegen das Datenschutzrecht verst\u00f6\u00dft oder Ihre datenschutzrechtlichen Anspr\u00fcche sonst in einer Weise verletzt worden sind, k\u00f6nnen Sie sich bei der Aufsichtsbeh\u00f6rde beschweren, welche in \u00d6sterreich die Datenschutzbeh\u00f6rde ist, deren Webseite Sie unter <u><a href=\"https:\/\/www.dsb.gv.at\/\">https:\/\/www.dsb.gv.at\/<\/a><\/u> finden.<\/p>\n\n\n\n<p><strong>Cookies<\/strong><\/p>\n\n\n\n<p>Unsere Website verwendet HTTP-Cookies um nutzerspezifische Daten zu speichern. Ein Cookie ist ein kurzes Datenpaket, welches zwischen Webbrowser und Webserver ausgetauscht wird, f\u00fcr diese aber v\u00f6llig bedeutungslos ist und erst f\u00fcr die Webanwendung, z. B. einen Online-Shop, eine Bedeutung erh\u00e4lt, etwa den Inhalt eines virtuellen Warenkorbes. Es gibt zwei Arten von Cookies: Erstanbieter-Cookies werden von unserer Website erstellt, Drittanbieter-Cookies werden von anderen Websites (z. B. Google Analytics) erstellt. Man unterscheidet drei Kategorien von Cookies: unbedingt notwendige Cookies um grundlegende Funktionen der Website sicherzustellen, funktionelle Cookies um die Leistung der Webseite sicherzustellen und zielorientierte Cookies um das Benutzererlebnis zu verbessern. Wir nutzen Cookies, um unsere Webseite nutzerfreundlicher zu gestalten. Einige Cookies bleiben auf Ihrem Endger\u00e4t gespeichert, bis Sie diese l\u00f6schen. Sie erm\u00f6glichen es uns, Ihren Browser beim n\u00e4chsten Besuch wiederzuerkennen. Wenn Sie dies nicht w\u00fcnschen, so k\u00f6nnen Sie Ihren Browser so einrichten, dass er Sie \u00fcber das Setzen von Cookies informiert und Sie dies nur im Einzelfall erlauben. Sie k\u00f6nnen jederzeit Cookies, die sich bereits auf Ihrem Computer befinden, l\u00f6schen oder Cookies deaktivieren. Die Vorgangsweise dazu ist nach Browser unterschiedlich, am besten Sie suchen die Anleitung in Google mit dem Suchbegriff \u201ecookies l\u00f6schen chrome\u201c oder \u201ecookies deaktivieren chrome\u201c im Falle eines Chrome Browsers oder tauschen das Wort \u201echrome\u201c gegen den Namen Ihres Browsers, z. B. edge, firefox, safari aus. Wenn Sie uns generell nicht gestatten, Cookies zu nutzen, d.h. diese per Browsereinstellung deaktivieren, k\u00f6nnen manche Funktionen und Seiten nicht wie erwartet funktionieren.<\/p>\n\n\n\n<p><strong>Impressum<\/strong><\/p>\n\n\n\n<p>Informationspflicht laut \u00a75 E-Commerce Gesetz, \u00a714 Unternehmensgesetzbuch, \u00a763 Gewerbeordnung und Offenlegungspflicht laut \u00a725 Mediengesetz.<\/p>\n\n\n\n<p><strong>ZVR:<\/strong> 769602314<\/p>\n\n\n\n<p><strong>Organschaftliche Vertreter<\/strong> Obmann: Mag. Dr. Gernot Peter Obmann Stellvertreter: Direktionsrat Franz Kreuss<\/p>\n\n\n\n<p>A-1030 Wien <strong>E-Mail:<\/strong> <u><a href=\"mailto:boehmerwaldmuseum@aon.at\">boehmerwaldmuseum@aon.at<\/a><\/u><\/p>\n\n\n\n<p><strong>Vereinszweck:<\/strong> Das \u201eB\u00f6hmerwaldmuseum\u201c betreibt eine museale Sammlung von Kulturgut aus den von deutschsprachigen Alt\u00f6sterreichern bewohnten Gebieten B\u00f6hmes mit Schwerpunkt der Regionen \u201eB\u00f6hmerwald\u201c, \u201eEgerland\u201c sowie \u201eErzgebirge und Mittelgebirge\u201c unter Ausschluss jeder politischen Bet\u00e4tigung.<\/p>\n\n\n\n<p>Quelle: Erstellt&nbsp;mit dem <a href=\"https:\/\/www.firmenwebseiten.at\/impressum-generator\/\">Impressum Generator von firmenwebseiten.at<\/a>&nbsp;in Kooperation mit <a href=\"https:\/\/www.smarterhaushalt.at\/\">smarterhaushalt.at<\/a><\/p>\n\n\n\n<p><strong>EU-Streitschlichtung<\/strong><\/p>\n\n\n\n<p>Angaben zur Online-Streitbeilegung: Verbraucher haben die M\u00f6glichkeit, Beschwerden an die OnlineStreitbeilegungsplattform der EU zu richten: <u><a href=\"https:\/\/ec.europa.eu\/consumers\/odr\/main\/index.cfm?event=main.home2.show&amp;lng=DE\">https:\/\/ec.europa.eu\/consumers\/odr\/main\/index.cfm?event=main.home2.show&amp;lng=DE<\/a><\/u>. Sie k\u00f6nnen allf\u00e4llige Beschwerde auch an die oben angegebene E-Mail-Adresse richten.<\/p>\n\n\n\n<p><strong>Haftung f\u00fcr Inhalte dieser Webseite<\/strong><\/p>\n\n\n\n<p>Wir entwickeln die Inhalte dieser Webseite st\u00e4ndig weiter und bem\u00fchen uns korrekte und aktuelle Informationen bereitzustellen. Leider k\u00f6nnen wir keine Haftung f\u00fcr die Korrektheit aller Inhalte auf dieser Webseite \u00fcbernehmen, speziell f\u00fcr jene die seitens Dritter bereitgestellt wird. Sollten Ihnen problematische oder rechtswidrige Inhalte auffallen, bitte wir Sie uns umgehend zu kontaktieren, Sie finden die Kontaktdaten im Impressum.<\/p>\n\n\n\n<p><strong>Haftung f\u00fcr Links auf dieser Webseite<\/strong><\/p>\n\n\n\n<p>Unsere Webseite enth\u00e4lt Links zu anderen Webseiten f\u00fcr deren Inhalt wir nicht verantwortlich sind. Wenn Ihnen rechtswidrige Links auf unserer Webseite auffallen, bitte wir Sie uns zu kontaktieren, Sie finden die Kontaktdaten im Impressum.<\/p>\n\n\n\n<p><strong>Urheberrechtshinweis<\/strong><\/p>\n\n\n\n<p>Alle Inhalte dieser Webseite (Bilder, Fotos, Texte, Videos) unterliegen dem Urheberrecht. Falls notwendig, werden wir die unerlaubte Nutzung von Teilen der Inhalte unserer Seite rechtlich verfolgen.<\/p>\n\n\n\n<p><strong>Bildernachweis<\/strong><\/p>\n\n\n\n<p>Die Bilder, Fotos und Grafiken auf dieser Webseite sind urheberrechtlich gesch\u00fctzt.<\/p>\n\n\n\n<p>Die Bilderrechte liegen bei den folgenden Fotografen und Unternehmen:<\/p>\n\n\n\n<ul><li>B\u00f6hmerwaldmuseum Wien<\/li><li>Dr. Gernot Peter<\/li><li>Franz Kreuss<\/li><li>USE Graphik Design<\/li><\/ul>\n\n\n\n<p><strong>Anmerkung:<\/strong><\/p>\n\n\n\n<p>Diese Datenschutzerkl\u00e4rung wurde mittels des <a href=\"https:\/\/www.adsimple.at\/datenschutz-generator\/\" data-type=\"URL\" data-id=\"https:\/\/www.adsimple.at\/datenschutz-generator\/\">kostenlosen Datenschutzgenerator<\/a> der Firma <a href=\"https:\/\/www.adsimple.at\/\" data-type=\"URL\" data-id=\"https:\/\/www.adsimple.at\/\" target=\"_blank\" rel=\"noreferrer noopener\">AdSimple GmbH<\/a> erzeugt. Dieser ist hier zu finden: <a href=\"https:\/\/www.adsimple.at\/datenschutz-generator\/\" target=\"_blank\" rel=\"noreferrer noopener\">https:\/\/www.adsimple.at\/datenschutz-generator\/<\/a><\/p>\n\n\n\n<div class=\"wp-block-image is-style-default\"><figure class=\"alignleft\"><a href=\"http:\/\/www.boehmerwaldmuseum.at\/impressum\/\"><img loading=\"lazy\" width=\"24\" height=\"14\" src=\"http:\/\/www.boehmerwaldmuseum.at\/en\/wp-content\/uploads\/sites\/2\/2013\/08\/de_o.jpg\" alt=\"de_o\" class=\"wp-image-118\"\/><\/a><\/figure><\/div>\n\n\n\n<div class=\"wp-block-image is-style-default\"><figure class=\"alignleft\"><a href=\"http:\/\/www.boehmerwaldmuseum.at\/en\/wp-content\/uploads\/sites\/2\/2013\/08\/en.jpg\"><img loading=\"lazy\" width=\"24\" height=\"14\" src=\"http:\/\/www.boehmerwaldmuseum.at\/en\/wp-content\/uploads\/sites\/2\/2013\/08\/en.jpg\" alt=\"en\" class=\"wp-image-119\"\/><\/a><\/figure><\/div>\n\n\n\n<div class=\"wp-block-image is-style-default\"><figure class=\"alignleft\"><a href=\"http:\/\/www.boehmerwaldmuseum.at\/cz\/impressum\/\"><img loading=\"lazy\" width=\"24\" height=\"14\" src=\"http:\/\/www.boehmerwaldmuseum.at\/en\/wp-content\/uploads\/sites\/2\/2013\/08\/cz_o.jpg\" alt=\"cz_o\" class=\"wp-image-117\"\/><\/a><\/figure><\/div>\n\n\n\n<p><\/p>\n","protected":false},"excerpt":{"rendered":"<p>Datenschutzerkl\u00e4rung Datenschutz Wir haben diese Datenschutzerkl\u00e4rung (Fassung 05.06.2018-221062270) verfasst, um Ihnen gem\u00e4\u00df der Vorgaben der EU-Datenschutz-Grundverordnung zu erkl\u00e4ren, welche Informationen wir sammeln, wie wir Daten verwenden und welche Entscheidungsm\u00f6glichkeiten Sie&hellip;<\/p>\n","protected":false},"author":1,"featured_media":0,"parent":0,"menu_order":6,"comment_status":"closed","ping_status":"closed","template":"onecolumn-page.php","meta":[],"_links":{"self":[{"href":"https:\/\/www.boehmerwaldmuseum.at\/en\/wp-json\/wp\/v2\/pages\/37"}],"collection":[{"href":"https:\/\/www.boehmerwaldmuseum.at\/en\/wp-json\/wp\/v2\/pages"}],"about":[{"href":"https:\/\/www.boehmerwaldmuseum.at\/en\/wp-json\/wp\/v2\/types\/page"}],"author":[{"embeddable":true,"href":"https:\/\/www.boehmerwaldmuseum.at\/en\/wp-json\/wp\/v2\/users\/1"}],"replies":[{"embeddable":true,"href":"https:\/\/www.boehmerwaldmuseum.at\/en\/wp-json\/wp\/v2\/comments?post=37"}],"version-history":[{"count":5,"href":"https:\/\/www.boehmerwaldmuseum.at\/en\/wp-json\/wp\/v2\/pages\/37\/revisions"}],"predecessor-version":[{"id":238,"href":"https:\/\/www.boehmerwaldmuseum.at\/en\/wp-json\/wp\/v2\/pages\/37\/revisions\/238"}],"wp:attachment":[{"href":"https:\/\/www.boehmerwaldmuseum.at\/en\/wp-json\/wp\/v2\/media?parent=37"}],"curies":[{"name":"wp","href":"https:\/\/api.w.org\/{rel}","templated":true}]}}